{"id":2910,"date":"2019-12-10T15:23:26","date_gmt":"2019-12-10T12:23:26","guid":{"rendered":"https:\/\/reklaam.postimeesgrupp.ee\/print\/"},"modified":"2022-06-09T14:43:15","modified_gmt":"2022-06-09T11:43:15","slug":"print","status":"publish","type":"page","link":"https:\/\/reklaam.postimeesgrupp.ee\/en\/print\/","title":{"rendered":"Print"},"content":{"rendered":"\n<h1>Print<\/h1>\n\n\n\n<p>AS Postimees Grupp includes the largest Estonian daily newspaper Postimees. On weekdays, the print run of Postimees is 38,000, while on Saturdays customers can reach audiences of 43,800. In addition to the news, the paper\u2019s weekend special Postimees N\u00e4dalavahetus, published on Saturdays, offers its readers longer opinion and feature pieces, summaries of the events and main players of the week, interesting character pieces, fashion and beauty news and a lot of other exciting reading material. In addition to Postimees N\u00e4dalavahetus, Arvamus ja Kultuur and the weekend extra Arter are published on Saturdays. Via our print channels, customers can address 279,300 readers in Estonia.<\/p>\n\n\n\n<div class=\"wp-block-columns\">\n<div class=\"wp-block-column\">\n<figure class=\"wp-block-image size-large\"><a href=\"\/?page_id=7\"><img loading=\"lazy\" width=\"696\" height=\"240\" src=\"https:\/\/reklaam.postimeesgrupp.ee\/wp-content\/uploads\/2019\/09\/logo_print_postimees.png\" alt=\"\" class=\"wp-image-1524\" srcset=\"https:\/\/reklaam.postimeesgrupp.ee\/wp-content\/uploads\/2019\/09\/logo_print_postimees.png 696w, https:\/\/reklaam.postimeesgrupp.ee\/wp-content\/uploads\/2019\/09\/logo_print_postimees-300x103.png 300w\" sizes=\"(max-width: 696px) 100vw, 696px\" \/><\/a><\/figure>\n<\/div>\n\n\n\n<div class=\"wp-block-column\"><\/div>\n\n\n\n<div class=\"wp-block-column\"><\/div>\n\n\n\n<div class=\"wp-block-column\"><\/div>\n<\/div>\n\n\n\n<p>AS Postimees Grupp has six county newspapers, which cover eight counties in Estonia, providing the best regional coverage and being the first reading preference for local people (Faktum ja Ariko 2018, reader survey for the second half-year).<\/p>\n\n\n\n<div class=\"wp-block-columns\">\n<div class=\"wp-block-column\">\n<figure class=\"wp-block-image size-large\"><a href=\"\/?page_id=19\"><img loading=\"lazy\" width=\"696\" height=\"240\" src=\"https:\/\/reklaam.postimeesgrupp.ee\/wp-content\/uploads\/2019\/09\/logo_print_tartu_postimees.png\" alt=\"\" class=\"wp-image-1301\" srcset=\"https:\/\/reklaam.postimeesgrupp.ee\/wp-content\/uploads\/2019\/09\/logo_print_tartu_postimees.png 696w, https:\/\/reklaam.postimeesgrupp.ee\/wp-content\/uploads\/2019\/09\/logo_print_tartu_postimees-300x103.png 300w\" sizes=\"(max-width: 696px) 100vw, 696px\" \/><\/a><\/figure>\n<\/div>\n\n\n\n<div class=\"wp-block-column\">\n<figure class=\"wp-block-image size-large\"><a href=\"\/?page_id=21\"><img loading=\"lazy\" width=\"696\" height=\"240\" src=\"https:\/\/reklaam.postimeesgrupp.ee\/wp-content\/uploads\/2019\/09\/logo_print_parnu_postimees.png\" alt=\"\" class=\"wp-image-1304\" srcset=\"https:\/\/reklaam.postimeesgrupp.ee\/wp-content\/uploads\/2019\/09\/logo_print_parnu_postimees.png 696w, https:\/\/reklaam.postimeesgrupp.ee\/wp-content\/uploads\/2019\/09\/logo_print_parnu_postimees-300x103.png 300w\" sizes=\"(max-width: 696px) 100vw, 696px\" \/><\/a><\/figure>\n<\/div>\n\n\n\n<div class=\"wp-block-column\">\n<figure class=\"wp-block-image size-large\"><a href=\"\/?page_id=23\"><img loading=\"lazy\" width=\"696\" height=\"240\" src=\"https:\/\/reklaam.postimeesgrupp.ee\/wp-content\/uploads\/2019\/09\/logo_print_lounaeesti_postimees.png\" alt=\"\" class=\"wp-image-1307\" srcset=\"https:\/\/reklaam.postimeesgrupp.ee\/wp-content\/uploads\/2019\/09\/logo_print_lounaeesti_postimees.png 696w, https:\/\/reklaam.postimeesgrupp.ee\/wp-content\/uploads\/2019\/09\/logo_print_lounaeesti_postimees-300x103.png 300w\" sizes=\"(max-width: 696px) 100vw, 696px\" \/><\/a><\/figure>\n<\/div>\n\n\n\n<div class=\"wp-block-column\">\n<figure class=\"wp-block-image size-large\"><a href=\"\/?page_id=30\"><img loading=\"lazy\" width=\"696\" height=\"240\" src=\"https:\/\/reklaam.postimeesgrupp.ee\/wp-content\/uploads\/2019\/09\/logo_print_sakala.png\" alt=\"\" class=\"wp-image-1201\" srcset=\"https:\/\/reklaam.postimeesgrupp.ee\/wp-content\/uploads\/2019\/09\/logo_print_sakala.png 696w, https:\/\/reklaam.postimeesgrupp.ee\/wp-content\/uploads\/2019\/09\/logo_print_sakala-300x103.png 300w\" sizes=\"(max-width: 696px) 100vw, 696px\" \/><\/a><\/figure>\n<\/div>\n<\/div>\n\n\n\n<div class=\"wp-block-columns\">\n<div class=\"wp-block-column\">\n<figure class=\"wp-block-image size-large\"><a href=\"\/?page_id=25\"><img loading=\"lazy\" width=\"696\" height=\"240\" src=\"https:\/\/reklaam.postimeesgrupp.ee\/wp-content\/uploads\/2019\/09\/logo_print_virumaa_teataja.png\" alt=\"\" class=\"wp-image-1310\" srcset=\"https:\/\/reklaam.postimeesgrupp.ee\/wp-content\/uploads\/2019\/09\/logo_print_virumaa_teataja.png 696w, https:\/\/reklaam.postimeesgrupp.ee\/wp-content\/uploads\/2019\/09\/logo_print_virumaa_teataja-300x103.png 300w\" sizes=\"(max-width: 696px) 100vw, 696px\" \/><\/a><\/figure>\n<\/div>\n\n\n\n<div class=\"wp-block-column\">\n<figure class=\"wp-block-image size-large\"><a href=\"\/?page_id=28\"><img loading=\"lazy\" width=\"696\" height=\"240\" src=\"https:\/\/reklaam.postimeesgrupp.ee\/wp-content\/uploads\/2019\/09\/logo_print_jarva_teataja.png\" alt=\"\" class=\"wp-image-1313\" srcset=\"https:\/\/reklaam.postimeesgrupp.ee\/wp-content\/uploads\/2019\/09\/logo_print_jarva_teataja.png 696w, https:\/\/reklaam.postimeesgrupp.ee\/wp-content\/uploads\/2019\/09\/logo_print_jarva_teataja-300x103.png 300w\" sizes=\"(max-width: 696px) 100vw, 696px\" \/><\/a><\/figure>\n<\/div>\n\n\n\n<div class=\"wp-block-column\"><\/div>\n\n\n\n<div class=\"wp-block-column\"><\/div>\n<\/div>\n\n\n\n<p>The weekly Maa Elu is as important as the daily papers \u2013 it is a publication devoted to the rural economy with the broadest coverage in Estonia, published between the pages of Postimees and the aforementioned county newspapers. Maa Elu talks about the rural economy and people who are involved in farming, husbandry, forestry, etc. Companies engaged in the rural economy can advertise in Maa Elu and thanks to its unrivalled distribution, the advertisements receive the best attention in the context of rural life.\nThe core products of Postimees Grupp also include the supplement 60+, aimed at the more senior members of the population. The publication reaches 64,400 readers and is distributed between the pages of the county papers of Postimees Grupp.<\/p>\n\n\n\n<div class=\"wp-block-columns\">\n<div class=\"wp-block-column\">\n<figure class=\"wp-block-image size-large\"><a href=\"\/?page_id=32\"><img loading=\"lazy\" width=\"696\" height=\"240\" src=\"https:\/\/reklaam.postimeesgrupp.ee\/wp-content\/uploads\/2019\/09\/logo_print_maaelu.png\" alt=\"\" class=\"wp-image-1455\" srcset=\"https:\/\/reklaam.postimeesgrupp.ee\/wp-content\/uploads\/2019\/09\/logo_print_maaelu.png 696w, https:\/\/reklaam.postimeesgrupp.ee\/wp-content\/uploads\/2019\/09\/logo_print_maaelu-300x103.png 300w\" sizes=\"(max-width: 696px) 100vw, 696px\" \/><\/a><\/figure>\n<\/div>\n\n\n\n<div class=\"wp-block-column\">\n<figure class=\"wp-block-image size-large\"><a href=\"\/?page_id=11\"><img loading=\"lazy\" width=\"696\" height=\"240\" src=\"https:\/\/reklaam.postimeesgrupp.ee\/wp-content\/uploads\/2019\/09\/logo_print_60.png\" alt=\"\" class=\"wp-image-1443\" srcset=\"https:\/\/reklaam.postimeesgrupp.ee\/wp-content\/uploads\/2019\/09\/logo_print_60.png 696w, https:\/\/reklaam.postimeesgrupp.ee\/wp-content\/uploads\/2019\/09\/logo_print_60-300x103.png 300w\" sizes=\"(max-width: 696px) 100vw, 696px\" \/><\/a><\/figure>\n<\/div>\n\n\n\n<div class=\"wp-block-column\"><\/div>\n\n\n\n<div class=\"wp-block-column\"><\/div>\n<\/div>\n\n\n\n<p>In three counties, advertisements can also be published in an ad paper: 1Leht (in Viljandi County), P\u00e4rnu B\u00f6rs (in P\u00e4rnu County) and Tartu B\u00f6rs (in Tartu County).<\/p>\n\n\n\n<div class=\"wp-block-columns\">\n<div class=\"wp-block-column\">\n<figure class=\"wp-block-image size-large\"><a href=\"https:\/\/reklaam.postimeesgrupp.ee\/trukimeedia\/maakonnalehed\/kuulutused\"><img loading=\"lazy\" width=\"696\" height=\"240\" src=\"https:\/\/reklaam.postimeesgrupp.ee\/wp-content\/uploads\/2019\/09\/logo_print_1leht.png\" alt=\"\" class=\"wp-image-1529\" srcset=\"https:\/\/reklaam.postimeesgrupp.ee\/wp-content\/uploads\/2019\/09\/logo_print_1leht.png 696w, https:\/\/reklaam.postimeesgrupp.ee\/wp-content\/uploads\/2019\/09\/logo_print_1leht-300x103.png 300w\" sizes=\"(max-width: 696px) 100vw, 696px\" \/><\/a><\/figure>\n<\/div>\n\n\n\n<div class=\"wp-block-column\">\n<figure class=\"wp-block-image size-large\"><a href=\"https:\/\/reklaam.postimeesgrupp.ee\/trukimeedia\/maakonnalehed\/kuulutused\"><img loading=\"lazy\" width=\"696\" height=\"240\" src=\"https:\/\/reklaam.postimeesgrupp.ee\/wp-content\/uploads\/2019\/09\/logo_print_parnu_bors.png\" alt=\"\" class=\"wp-image-1458\" srcset=\"https:\/\/reklaam.postimeesgrupp.ee\/wp-content\/uploads\/2019\/09\/logo_print_parnu_bors.png 696w, https:\/\/reklaam.postimeesgrupp.ee\/wp-content\/uploads\/2019\/09\/logo_print_parnu_bors-300x103.png 300w\" sizes=\"(max-width: 696px) 100vw, 696px\" \/><\/a><\/figure>\n<\/div>\n\n\n\n<div class=\"wp-block-column\">\n<figure class=\"wp-block-image size-large\"><a href=\"https:\/\/reklaam.postimeesgrupp.ee\/trukimeedia\/maakonnalehed\/kuulutused\"><img loading=\"lazy\" width=\"696\" height=\"240\" src=\"https:\/\/reklaam.postimeesgrupp.ee\/wp-content\/uploads\/2019\/09\/logo_print_tartu_bors.png\" alt=\"\" class=\"wp-image-1532\" srcset=\"https:\/\/reklaam.postimeesgrupp.ee\/wp-content\/uploads\/2019\/09\/logo_print_tartu_bors.png 696w, https:\/\/reklaam.postimeesgrupp.ee\/wp-content\/uploads\/2019\/09\/logo_print_tartu_bors-300x103.png 300w\" sizes=\"(max-width: 696px) 100vw, 696px\" \/><\/a><\/figure>\n<\/div>\n\n\n\n<div class=\"wp-block-column\"><\/div>\n<\/div>\n\n\n\n<p>In order to address and involve various regional target groups, we have created special projects where advertisements are shown to a select audience.<\/p>\n\n\n\n<div class=\"wp-block-columns\">\n<div class=\"wp-block-column\">\n<figure class=\"wp-block-image size-large\"><a href=\"\/?page_id=36\"><img loading=\"lazy\" width=\"696\" height=\"240\" src=\"https:\/\/reklaam.postimeesgrupp.ee\/wp-content\/uploads\/2019\/09\/logo_print_koolilopp.png\" alt=\"\" class=\"wp-image-1535\" srcset=\"https:\/\/reklaam.postimeesgrupp.ee\/wp-content\/uploads\/2019\/09\/logo_print_koolilopp.png 696w, https:\/\/reklaam.postimeesgrupp.ee\/wp-content\/uploads\/2019\/09\/logo_print_koolilopp-300x103.png 300w\" sizes=\"(max-width: 696px) 100vw, 696px\" \/><\/a><\/figure>\n<\/div>\n\n\n\n<div class=\"wp-block-column\">\n<figure class=\"wp-block-image size-large\"><a href=\"\/?page_id=36\"><img loading=\"lazy\" width=\"696\" height=\"240\" src=\"https:\/\/reklaam.postimeesgrupp.ee\/wp-content\/uploads\/2019\/09\/logo_print_osuti.png\" alt=\"\" class=\"wp-image-1539\" srcset=\"https:\/\/reklaam.postimeesgrupp.ee\/wp-content\/uploads\/2019\/09\/logo_print_osuti.png 696w, https:\/\/reklaam.postimeesgrupp.ee\/wp-content\/uploads\/2019\/09\/logo_print_osuti-300x103.png 300w\" sizes=\"(max-width: 696px) 100vw, 696px\" \/><\/a><\/figure>\n<\/div>\n\n\n\n<div class=\"wp-block-column\">\n<figure class=\"wp-block-image size-large\"><a href=\"\/?page_id=36\"><img loading=\"lazy\" width=\"696\" height=\"240\" src=\"https:\/\/reklaam.postimeesgrupp.ee\/wp-content\/uploads\/2019\/09\/logo_print_parnu_this_week.png\" alt=\"\" class=\"wp-image-1542\" srcset=\"https:\/\/reklaam.postimeesgrupp.ee\/wp-content\/uploads\/2019\/09\/logo_print_parnu_this_week.png 696w, https:\/\/reklaam.postimeesgrupp.ee\/wp-content\/uploads\/2019\/09\/logo_print_parnu_this_week-300x103.png 300w\" sizes=\"(max-width: 696px) 100vw, 696px\" \/><\/a><\/figure>\n<\/div>\n\n\n\n<div class=\"wp-block-column\"><\/div>\n<\/div>\n\n\n\n<h2>Please don\u2019t hesitate to contact us \u2013 we will find the best solution. <\/h2>\n\n\n\n<div class=\"wp-block-columns\">\n<div class=\"wp-block-column\">\n<div style=\"height:50px\" aria-hidden=\"true\" class=\"wp-block-spacer hidden-on-mobile\"><\/div>\n\n\n\n<p class=\"has-medium-font-size\"><strong>Postimees newspaper<\/strong><\/p>\n\n\n\n<p>Phone: <a style=\"text-decoration: none;\" href=\"tel:\/\/+3725157326\">(+372) 666 2445<\/a><br><a style=\"text-decoration: none;\" href=\"mailto:reklaammaakonnalehes@postimeesgrupp.ee\">reklaam@postimees.ee<\/a><\/p>\n\n\n\n<p class=\"has-medium-font-size\"><strong>Local newspapers<\/strong><\/p>\n\n\n\n<p>Phone: <a style=\"text-decoration: none;\" href=\"tel:\/\/+3725157326\">(+372) 515 7326<\/a><br><a style=\"text-decoration: none;\" href=\"mailto:reklaammaakonnalehes@postimeesgrupp.ee\">reklaammaakonnalehes@postimeesgrupp.ee<\/a> <\/p>\n\n\n\n<p class=\"has-medium-font-size\"><strong>Online<\/strong><\/p>\n\n\n\n<p>Phone: <a style=\"text-decoration: none;\" href=\"tel:\/\/+3726662230\">(+372) 666 2230<\/a><br><a style=\"text-decoration: none;\" href=\"mailto:veebireklaam@postimeesgrupp.ee\">veebireklaam@postimeesgrupp.ee<\/a><\/p>\n\n\n\n<p class=\"has-medium-font-size\"><strong>TV<\/strong><\/p>\n\n\n\n<p>Phone: <a href=\"tel:\/\/+37256488622\">(+372) 56 488 622<\/a><br><a style=\"text-decoration: none;\" href=\"mailto:reklaam@kanal2.ee\">reklaam@kanal2.ee<\/a>  <\/p>\n\n\n\n<p class=\"has-medium-font-size\"><strong>Radio<\/strong><\/p>\n\n\n\n<p>Phone: <a style=\"text-decoration: none;\" href=\"tel:\/\/+3726307008\">(+372) 630 7008<\/a><br><a style=\"text-decoration: none;\" href=\"mailto:raadioreklaam@postimeesgrupp.ee\">raadioreklaam@postimeesgrupp.ee<\/a> <\/p>\n<\/div>\n\n\n\n<div class=\"wp-block-column\">\n<div style=\"height:75px\" aria-hidden=\"true\" class=\"wp-block-spacer hidden-on-mobile\"><\/div>\n\n\n\n<iframe loading=\"lazy\" src=\"https:\/\/www.google.com\/maps\/embed?pb=!1m18!1m12!1m3!1d2029.4187340746296!2d24.776386016076266!3d59.42609058169282!2m3!1f0!2f0!3f0!3m2!1i1024!2i768!4f13.1!3m3!1m2!1s0x469294a90a97b61d%3A0xa04291188aab78e6!2sTartu%20maantee%2080%2C%2010112%20Tallinn!5e0!3m2!1set!2see!4v1576141642041!5m2!1set!2see\" width=\"600\" height=\"230\" frameborder=\"0\" style=\"border:0;\" allowfullscreen=\"\"><\/iframe>\n\n\n\n<p class=\"has-medium-font-size padding-left-30px-desktop\"><strong>AS POSTIMEES GRUPP<\/strong><\/p>\n\n\n\n<p class=\"padding-left-30px-desktop\">Address: Tartu mnt 80, 10112 Tallinn, Estonia<br>Phone: <a style=\"text-decoration: none;\" href=\"tel:\/\/+3726662350\">(+372) 666 2350<\/a><br><a style=\"text-decoration: none;\" href=\"mailto:postimeesgrupp@postimeesgrupp.ee\">postimeesgrupp@postimeesgrupp.ee<\/a><br><a rel=\"noreferrer noopener\" aria-label=\"\u2003\u2003www.postimeesgrupp.ee (avatakse uues sakis)\" style=\"text-decoration: none;\" href=\"https:\/\/www.postimeesgrupp.ee\/\" target=\"_blank\">www.postimeesgrupp.ee<\/a><\/p>\n\n\n\n<p class=\"has-medium-font-size padding-left-30px-desktop\"><strong>Follow us<\/strong><\/p>\n\n\n\n<p class=\"padding-left-30px-desktop\"><a rel=\"noreferrer noopener\" aria-label=\"Facebook (avatakse uues sakis)\" style=\"text-decoration: none;\" href=\"https:\/\/www.facebook.com\/postimees\" target=\"_blank\">Facebook<\/a><br><a rel=\"noreferrer noopener\" aria-label=\"Twitter (avatakse uues sakis)\" style=\"text-decoration: none;\" href=\"https:\/\/twitter.com\/postimees\" target=\"_blank\">Twitter<\/a><br><a rel=\"noreferrer noopener\" aria-label=\"Instagramm (avatakse uues sakis)\" style=\"text-decoration: none;\" href=\"https:\/\/www.instagram.com\/postimees.ee\/\" target=\"_blank\">Instagram<\/a><br><a rel=\"noreferrer noopener\" aria-label=\"Uudiskiri (avatakse uues sakis)\" style=\"text-decoration: none;\" href=\"https:\/\/www.postimees.ee\/newsletter\" target=\"_blank\">Uudiskiri<\/a><\/p>\n<\/div>\n<\/div>\n","protected":false},"excerpt":{"rendered":"<p>Print AS Postimees Grupp includes the largest Estonian daily newspaper Postimees. On weekdays, the print run of Postimees is 38,000, while on Saturdays customers can reach audiences of 43,800. In addition to the news, the paper\u2019s weekend special Postimees N\u00e4dalavahetus, published on Saturdays, offers its readers longer opinion and feature pieces, summaries of the events [&hellip;]<\/p>\n","protected":false},"author":4,"featured_media":0,"parent":0,"menu_order":0,"comment_status":"closed","ping_status":"closed","template":"","meta":[],"acf":[],"_links":{"self":[{"href":"https:\/\/reklaam.postimeesgrupp.ee\/en\/wp-json\/wp\/v2\/pages\/2910"}],"collection":[{"href":"https:\/\/reklaam.postimeesgrupp.ee\/en\/wp-json\/wp\/v2\/pages"}],"about":[{"href":"https:\/\/reklaam.postimeesgrupp.ee\/en\/wp-json\/wp\/v2\/types\/page"}],"author":[{"embeddable":true,"href":"https:\/\/reklaam.postimeesgrupp.ee\/en\/wp-json\/wp\/v2\/users\/4"}],"replies":[{"embeddable":true,"href":"https:\/\/reklaam.postimeesgrupp.ee\/en\/wp-json\/wp\/v2\/comments?post=2910"}],"version-history":[{"count":4,"href":"https:\/\/reklaam.postimeesgrupp.ee\/en\/wp-json\/wp\/v2\/pages\/2910\/revisions"}],"predecessor-version":[{"id":4192,"href":"https:\/\/reklaam.postimeesgrupp.ee\/en\/wp-json\/wp\/v2\/pages\/2910\/revisions\/4192"}],"wp:attachment":[{"href":"https:\/\/reklaam.postimeesgrupp.ee\/en\/wp-json\/wp\/v2\/media?parent=2910"}],"curies":[{"name":"wp","href":"https:\/\/api.w.org\/{rel}","templated":true}]}}