{"id":233,"date":"2019-08-23T10:53:09","date_gmt":"2019-08-23T10:53:09","guid":{"rendered":"https:\/\/reklaam.postimeesgrupp.ee\/avaleht\/"},"modified":"2019-12-19T11:28:07","modified_gmt":"2019-12-19T08:28:07","slug":"avaleht","status":"publish","type":"page","link":"https:\/\/reklaam.postimeesgrupp.ee\/en\/","title":{"rendered":"Postimeesgrupp reklaam"},"content":{"rendered":"\n<div style=\"height:50px\" aria-hidden=\"true\" class=\"wp-block-spacer\"><\/div>\n\n\n\n<h2 class=\"has-text-align-center\">POSTIMEES GRUPP IS THE LARGEST MEDIA GROUP IN THE BALTICS<\/h2>\n\n\n\n<p>The activities of Postimees Grupp include content production for print and web media, TV and radio production, publishing, direct mailing and printing services.<br>Postimees Grupp operates in three countries and thirteen cities: Tallinn, Tartu, P\u00e4rnu, Viljandi, Rakvere, Paide, Valga, Riga, Vilnius, Kaunas, Klaip\u0117da, \u0160iauliai and Panev\u0117\u017eys. Postimees Grupp is the only media group in Estonia, which has outlets in paper media, web media, radio, TV and outdoor media. Postimees Grupp includes:<\/p>\n\n\n\n<p>Estonia\u2019s oldest newspaper Postimees and its news portals in Estonian, Russian and English; the newspapers Tartu Postimees, P\u00e4rnu Postimees, Sakala, Virumaa Teataja, J\u00e4rva Teataja, L\u00f5una-Eesti Postimees and their news portals, the weekly Maa Elu and the magazine 60+;<\/p>\n\n\n\n<p>the entertainment portals Elu24 and the Russian-language Limon, plus more than ten topical portals;<\/p>\n\n\n\n<p>radio stations Kuku, Elmar, MyHits, Narodnoe Radio and DFM;<\/p>\n\n\n\n<p>TV channels Kanal 2, Kanal 11, Kanal 12, MyHits<\/p>\n\n\n\n<p>news agency BNS;<\/p>\n\n\n\n<p>publishing house Postimees Kirjastus;<\/p>\n\n\n\n<p>direct mailing Target Master;<\/p>\n\n\n\n<p>Latvian news portal SIA TVNET;<\/p>\n\n\n\n<p>Latvian news agency SIA LETA;<\/p>\n\n\n\n<p>Lithuanian news portal 15min UAB;<\/p>\n\n\n\n<p>Lithuanian news agency BNS Leedu.<\/p>\n\n\n\n<p>Otsepost\nTarget Master;<\/p>\n\n\n\n<p>L\u00e4ti\nuudisteportaal SIA TVNET;<\/p>\n\n\n\n<p>L\u00e4ti\nuudisteagentuur SIA LETA;<\/p>\n\n\n\n<p>Leedu\nuudisteportaal 15min UAB;<\/p>\n\n\n\n<p>Leedu uudisteagentuur BNS Leedu;<\/p>\n\n\n\n<p>In addition, we also represent the sales of advertising on mail.ru, vk.com, ok.ru, mail.ee, and kava.ee in Estonia.<\/p>\n\n\n\n<p class=\"has-text-align-center has-medium-font-size\"><strong>Upon advertising their products and services via the Postimees Grupp channels, customers are ensured the widest audience in Estonia. <\/strong><\/p>\n\n\n\n<div class=\"wp-block-columns\">\n<div class=\"wp-block-column\">\n<div style=\"height:50px\" aria-hidden=\"true\" class=\"wp-block-spacer hidden-on-mobile\"><\/div>\n\n\n\n<p class=\"has-medium-font-size\"><strong>Postimees newspaper<\/strong><\/p>\n\n\n\n<p>Phone: <a style=\"text-decoration: none;\" href=\"tel:\/\/+3725157326\">(+372) 666 2445<\/a><br><a style=\"text-decoration: none;\" href=\"mailto:reklaammaakonnalehes@postimeesgrupp.ee\">reklaam@postimees.ee<\/a><\/p>\n\n\n\n<p class=\"has-medium-font-size\"><strong>Local newspapers<\/strong><\/p>\n\n\n\n<p>Phone: <a style=\"text-decoration: none;\" href=\"tel:\/\/+3725157326\">(+372) 515 7326<\/a><br><a style=\"text-decoration: none;\" href=\"mailto:reklaammaakonnalehes@postimeesgrupp.ee\">reklaammaakonnalehes@postimeesgrupp.ee<\/a> <\/p>\n\n\n\n<p class=\"has-medium-font-size\"><strong>Online<\/strong><\/p>\n\n\n\n<p>Phone: <a style=\"text-decoration: none;\" href=\"tel:\/\/+3726662230\">(+372) 666 2230<\/a><br><a style=\"text-decoration: none;\" href=\"mailto:veebireklaam@postimeesgrupp.ee\">veebireklaam@postimeesgrupp.ee<\/a><\/p>\n\n\n\n<p class=\"has-medium-font-size\"><strong>TV<\/strong><\/p>\n\n\n\n<p>Phone: <a href=\"tel:\/\/+37256488622\">(+372) 56 488 622<\/a><br><a style=\"text-decoration: none;\" href=\"mailto:reklaam@kanal2.ee\">reklaam@kanal2.ee<\/a>  <\/p>\n\n\n\n<p class=\"has-medium-font-size\"><strong>Radio<\/strong><\/p>\n\n\n\n<p>Phone: <a style=\"text-decoration: none;\" href=\"tel:\/\/+3726307008\">(+372) 630 7008<\/a><br><a style=\"text-decoration: none;\" href=\"mailto:raadioreklaam@postimeesgrupp.ee\">raadioreklaam@postimeesgrupp.ee<\/a> <\/p>\n<\/div>\n\n\n\n<div class=\"wp-block-column\">\n<div style=\"height:75px\" aria-hidden=\"true\" class=\"wp-block-spacer hidden-on-mobile\"><\/div>\n\n\n\n<iframe loading=\"lazy\" src=\"https:\/\/www.google.com\/maps\/embed?pb=!1m18!1m12!1m3!1d2029.4187340746296!2d24.776386016076266!3d59.42609058169282!2m3!1f0!2f0!3f0!3m2!1i1024!2i768!4f13.1!3m3!1m2!1s0x469294a90a97b61d%3A0xa04291188aab78e6!2sTartu%20maantee%2080%2C%2010112%20Tallinn!5e0!3m2!1set!2see!4v1576141642041!5m2!1set!2see\" width=\"600\" height=\"230\" frameborder=\"0\" style=\"border:0;\" allowfullscreen=\"\"><\/iframe>\n\n\n\n<p class=\"has-medium-font-size padding-left-30px-desktop\"><strong>AS POSTIMEES GRUPP<\/strong><\/p>\n\n\n\n<p class=\"padding-left-30px-desktop\">Address: Tartu mnt 80, 10112 Tallinn, Estonia<br>Phone: <a style=\"text-decoration: none;\" href=\"tel:\/\/+3726662350\">(+372) 666 2350<\/a><br><a style=\"text-decoration: none;\" href=\"mailto:postimeesgrupp@postimeesgrupp.ee\">postimeesgrupp@postimeesgrupp.ee<\/a><br><a rel=\"noreferrer noopener\" aria-label=\"\u2003\u2003www.postimeesgrupp.ee (avatakse uues sakis)\" style=\"text-decoration: none;\" href=\"https:\/\/www.postimeesgrupp.ee\/\" target=\"_blank\">www.postimeesgrupp.ee<\/a><\/p>\n\n\n\n<p class=\"has-medium-font-size padding-left-30px-desktop\"><strong>Follow us<\/strong><\/p>\n\n\n\n<p class=\"padding-left-30px-desktop\"><a rel=\"noreferrer noopener\" aria-label=\"Facebook (avatakse uues sakis)\" style=\"text-decoration: none;\" href=\"https:\/\/www.facebook.com\/postimees\" target=\"_blank\">Facebook<\/a><br><a rel=\"noreferrer noopener\" aria-label=\"Twitter (avatakse uues sakis)\" style=\"text-decoration: none;\" href=\"https:\/\/twitter.com\/postimees\" target=\"_blank\">Twitter<\/a><br><a rel=\"noreferrer noopener\" aria-label=\"Instagramm (avatakse uues sakis)\" style=\"text-decoration: none;\" href=\"https:\/\/www.instagram.com\/postimees.ee\/\" target=\"_blank\">Instagram<\/a><br><a rel=\"noreferrer noopener\" aria-label=\"Uudiskiri (avatakse uues sakis)\" style=\"text-decoration: none;\" href=\"https:\/\/www.postimees.ee\/newsletter\" target=\"_blank\">Uudiskiri<\/a><\/p>\n<\/div>\n<\/div>\n","protected":false},"excerpt":{"rendered":"<p>POSTIMEES GRUPP IS THE LARGEST MEDIA GROUP IN THE BALTICS The activities of Postimees Grupp include content production for print and web media, TV and radio production, publishing, direct mailing and printing services.Postimees Grupp operates in three countries and thirteen cities: Tallinn, Tartu, P\u00e4rnu, Viljandi, Rakvere, Paide, Valga, Riga, Vilnius, Kaunas, Klaip\u0117da, \u0160iauliai and Panev\u0117\u017eys. [&hellip;]<\/p>\n","protected":false},"author":2,"featured_media":0,"parent":0,"menu_order":0,"comment_status":"closed","ping_status":"closed","template":"","meta":[],"acf":[],"_links":{"self":[{"href":"https:\/\/reklaam.postimeesgrupp.ee\/en\/wp-json\/wp\/v2\/pages\/233"}],"collection":[{"href":"https:\/\/reklaam.postimeesgrupp.ee\/en\/wp-json\/wp\/v2\/pages"}],"about":[{"href":"https:\/\/reklaam.postimeesgrupp.ee\/en\/wp-json\/wp\/v2\/types\/page"}],"author":[{"embeddable":true,"href":"https:\/\/reklaam.postimeesgrupp.ee\/en\/wp-json\/wp\/v2\/users\/2"}],"replies":[{"embeddable":true,"href":"https:\/\/reklaam.postimeesgrupp.ee\/en\/wp-json\/wp\/v2\/comments?post=233"}],"version-history":[{"count":47,"href":"https:\/\/reklaam.postimeesgrupp.ee\/en\/wp-json\/wp\/v2\/pages\/233\/revisions"}],"predecessor-version":[{"id":2988,"href":"https:\/\/reklaam.postimeesgrupp.ee\/en\/wp-json\/wp\/v2\/pages\/233\/revisions\/2988"}],"wp:attachment":[{"href":"https:\/\/reklaam.postimeesgrupp.ee\/en\/wp-json\/wp\/v2\/media?parent=233"}],"curies":[{"name":"wp","href":"https:\/\/api.w.org\/{rel}","templated":true}]}}